{"id":2,"date":"2014-02-28T15:35:14","date_gmt":"2014-02-28T13:35:14","guid":{"rendered":"http:\/\/vedenkiv.asiakkaat.sigmatic.fi\/blogi\/?page_id=2"},"modified":"2014-03-03T13:54:01","modified_gmt":"2014-03-03T11:54:01","slug":"terhi-vedenkivi","status":"publish","type":"page","link":"https:\/\/vedenkivi.fi\/blogi\/terhi-vedenkivi\/","title":{"rendered":"Terhi Vedenkivi"},"content":{"rendered":"<p><a href=\"http:\/\/vedenkiv.asiakkaat.sigmatic.fi\/blogi\/wp-content\/uploads\/2014\/02\/terhi-vedenkivi.jpg\"><img loading=\"lazy\" decoding=\"async\" class=\"alignleft size-full wp-image-34\" alt=\"Terhi Vedenkivi\" src=\"http:\/\/vedenkiv.asiakkaat.sigmatic.fi\/blogi\/wp-content\/uploads\/2014\/02\/terhi-vedenkivi.jpg\" width=\"200\" height=\"294\" \/><\/a>Olen NLP-opettaja, laaja-alainen terapeutti, kouluttaja, ty\u00f6nohjaaja ja runoilija. Ty\u00f6ss\u00e4ni olen rinnallakulkija ja luotan, ett\u00e4 jokaisessa ihmisess\u00e4 itsess\u00e4\u00e4n on hyv\u00e4n el\u00e4m\u00e4n k\u00e4sikirjoitus. Kaikki tunteemme, vaikeatkin, voivat toimia meille tienviittoina kohti eheytymist\u00e4 ja kasvua.\u00a0 Kotisivuni l\u00f6yd\u00e4t osoitteesta: <a href=\"http:\/\/www.vedenkivi.fi\/\">www.vedenkivi.fi <\/a><\/p>\n<p>Minulle on aina ollut t\u00e4rke\u00e4\u00e4 kuulla syd\u00e4meni \u00e4\u00e4nt\u00e4 ja l\u00f6yt\u00e4\u00e4 oma mielek\u00e4s polkuni. Olen saanut ty\u00f6ss\u00e4ni n\u00e4k\u00f6alanpaikan, kun kriisiss\u00e4 olevat tai omaa suuntaansa etsiv\u00e4t ihmiset l\u00f6yt\u00e4v\u00e4t el\u00e4m\u00e4lleen tienviittoja. Kohtaamiset asiakkaideni kanssa ovat aina vastavuoroisia. Jokainen tiet\u00e4\u00e4 itse, mik\u00e4 on paras suunta kohti omaa hyvinvointia.<\/p>\n<h2>Pitk\u00e4n linjan NLP-ammattilainen<\/h2>\n<p>Olen k\u00e4ytt\u00e4nyt kaikissa t\u00f6iss\u00e4ni NLP-menetelmi\u00e4 jo 90-luvulta l\u00e4htien. Teen Tampereella NLP-koulutuksia, ja Practitioner- ja Master-kurssini py\u00f6riv\u00e4t koko ajan. Olen kehitt\u00e4nyt NLP-harjoituksia ja jakanut niit\u00e4 asiakasty\u00f6n lis\u00e4ksi kursseilla, Suomen NLP-yhdistyksen Mielilehdess\u00e4 sek\u00e4 NLP-illoissa ja \u2013konferensseissa.<\/p>\n<h2>Terapeutti<\/h2>\n<p>Terapeutin vastaanottoni on Tampereella osoitteessa Puutarhakatu 16 B, 5. kerros. Sovellan laaja-alaisesti useita terapiamuotoja, vakaana pohjana <a href=\"http:\/\/www.vedenkivi.fi\/nlp-psykoterapia.htm\" target=\"_blank\">NLP-psykoterapia<\/a>, jota opiskelin 3 vuotta Tampereen Yliopiston t\u00e4ydennyskoulutuskeskuksessa vuosina 1999-2001. My\u00f6s <a href=\"http:\/\/www.vedenkivi.fi\/EMDR.htm\" target=\"_blank\">EMDR<\/a>, <a href=\"http:\/\/www.vedenkivi.fi\/hypnoosihoidot.htm\" target=\"_blank\">hypnoosi<\/a> ja <a href=\"http:\/\/www.vedenkivi.fi\/EFT.htm\" target=\"_blank\">EFT <\/a>tarjoavat hyvi\u00e4 v\u00e4yli\u00e4 eheytymiseen ja voimavaroihin.<\/p>\n<h2>Ty\u00f6nohjaaja &amp; kouluttaja<\/h2>\n<p><a href=\"http:\/\/www.vedenkivi.fi\/tyonohjaus.htm\" target=\"_blank\">Ty\u00f6nohjaajaksi<\/a> valmistuin 2-vuotisesta koulutuksesta vuonna 1997 ja olen siit\u00e4 l\u00e4htien tehnyt paljon ty\u00f6nohjauksia sosiaali- ja terveysalalla, erityisesti mielenterveys- ja p\u00e4ihdehuollossa. Olen ty\u00f6skennellyt ty\u00f6nohjaajana my\u00f6s p\u00e4iv\u00e4hoidossa, vanhustenhoidossa, ty\u00f6terveyshuollossa, opetusalalla, RAY:n hankkeissa sek\u00e4 monenlaisissa yrityksiss\u00e4. K\u00e4yt\u00e4n tarpeen mukaan toiminnallisia menetelmi\u00e4 keskustelun lis\u00e4ksi. Ty\u00f6yhteis\u00f6koulutuksia pid\u00e4n monista aihepiireist\u00e4. Lis\u00e4ksi koulutan leskien ja eronneiden sopeutumisvalmennuskursseilla.<\/p>\n<h2>Kirjailija<\/h2>\n<p>Olen toiminut kirjoittaja-ohjaajana ja terapeuttina useassa kirjoittamishankkeessa mielenterveyskuntoutujien kanssa. Opiskelin luovaa kirjoittamista Viita-Akatemiassa kolme vuotta, ja kirjoittaminen on olennainen osa ilmaisuani. <a href=\"http:\/\/www.vedenkivi.fi\/julkaisut.htm#runokirjat\" target=\"_blank\">Olen julkaissut kolme runoteosta. <\/a>Nyt jatkan el\u00e4m\u00e4n ilmi\u00f6iden havainnointia blogikirjoituksissani.<\/p>\n<h2>Ty\u00f6ni arvot<\/h2>\n<p>Ty\u00f6ni arvoja ovat kasvu, joustavuus ja rakkaus. Jatkuva oppiminen on etuoikeutemme. On olemassa monta hyv\u00e4\u00e4 tapaa toimia ja katsoa maailmaa. Syd\u00e4men kiitollisuus el\u00e4m\u00e4lle avaa meille l\u00e4himm\u00e4isenrakkauden.<\/p>\n<h2>Ota yhteytt\u00e4!<\/h2>\n<p>Terhi Vedenkivi<br \/>\n040-741 8970<br \/>\n<a title=\"Send an email\" href=\"mailto:terhi@vedenkivi.fi\">terhi@vedenkivi.fi<\/a><br \/>\nKotisivuni: <a href=\"http:\/\/www.vedenkivi.fi\/\" target=\"_blank\">www.vedenkivi.fi<\/a><\/p>\n","protected":false},"excerpt":{"rendered":"<p>Olen NLP-opettaja, laaja-alainen terapeutti, kouluttaja, ty\u00f6nohjaaja ja runoilija. Ty\u00f6ss\u00e4ni olen rinnallakulkija ja luotan, ett\u00e4 jokaisessa ihmisess\u00e4 itsess\u00e4\u00e4n on hyv\u00e4n el\u00e4m\u00e4n k\u00e4sikirjoitus. Kaikki tunteemme, vaikeatkin, voivat toimia meille tienviittoina kohti eheytymist\u00e4 ja kasvua.\u00a0 Kotisivuni l\u00f6yd\u00e4t osoitteesta: www.vedenkivi.fi Minulle on aina ollut t\u00e4rke\u00e4\u00e4 kuulla syd\u00e4meni \u00e4\u00e4nt\u00e4 ja l\u00f6yt\u00e4\u00e4 oma mielek\u00e4s polkuni. Olen saanut ty\u00f6ss\u00e4ni n\u00e4k\u00f6alanpaikan, kun kriisiss\u00e4<\/p>\n","protected":false},"author":1,"featured_media":0,"parent":0,"menu_order":0,"comment_status":"closed","ping_status":"closed","template":"","meta":{"footnotes":""},"class_list":["post-2","page","type-page","status-publish","hentry"],"_links":{"self":[{"href":"https:\/\/vedenkivi.fi\/blogi\/wp-json\/wp\/v2\/pages\/2","targetHints":{"allow":["GET"]}}],"collection":[{"href":"https:\/\/vedenkivi.fi\/blogi\/wp-json\/wp\/v2\/pages"}],"about":[{"href":"https:\/\/vedenkivi.fi\/blogi\/wp-json\/wp\/v2\/types\/page"}],"author":[{"embeddable":true,"href":"https:\/\/vedenkivi.fi\/blogi\/wp-json\/wp\/v2\/users\/1"}],"replies":[{"embeddable":true,"href":"https:\/\/vedenkivi.fi\/blogi\/wp-json\/wp\/v2\/comments?post=2"}],"version-history":[{"count":12,"href":"https:\/\/vedenkivi.fi\/blogi\/wp-json\/wp\/v2\/pages\/2\/revisions"}],"predecessor-version":[{"id":222,"href":"https:\/\/vedenkivi.fi\/blogi\/wp-json\/wp\/v2\/pages\/2\/revisions\/222"}],"wp:attachment":[{"href":"https:\/\/vedenkivi.fi\/blogi\/wp-json\/wp\/v2\/media?parent=2"}],"curies":[{"name":"wp","href":"https:\/\/api.w.org\/{rel}","templated":true}]}}