{"id":30,"date":"2014-03-02T15:52:56","date_gmt":"2014-03-02T13:52:56","guid":{"rendered":"http:\/\/vedenkiv.asiakkaat.sigmatic.fi\/blogi\/?page_id=30"},"modified":"2014-03-03T11:56:56","modified_gmt":"2014-03-03T09:56:56","slug":"nlp","status":"publish","type":"page","link":"https:\/\/vedenkivi.fi\/blogi\/nlp\/","title":{"rendered":"NLP"},"content":{"rendered":"<p>NLP, <em>neurolingvistinen prosessointi<\/em>, antaa v\u00e4lineet ajattelun muutokseen ja ohjelmointiin k\u00e4yt\u00e4nn\u00f6nl\u00e4heisesti. Kolme kirjainta tulevat sanoista Neuro-Linquistic Programming.<\/p>\n<p><strong>Neuro<\/strong> viittaa tiedon k\u00e4sittelyyn ja ajatteluun. Havainnoimme maailmaa aistien avulla, mink\u00e4 takia jokaisella ihmisell\u00e4 on ainutlaatuinen kartta todellisuudesta. NLP:ss\u00e4 k\u00e4ytet\u00e4\u00e4n hy\u00f6dyksi aistij\u00e4rjestelm\u00e4\u00e4, joka avaa mahdollisuudet yll\u00e4tt\u00e4v\u00e4n nopeaankin muutokseen.<\/p>\n<p><strong>Linquistic<\/strong> kuvaa kielellist\u00e4 prosessointia, joka on oleellinen osa k\u00e4sityskyky\u00e4mme. T\u00e4m\u00e4 kuuluu puheena vuorovaikutuksessa sek\u00e4 &#8221;sis\u00e4isen\u00e4 puheena&#8221;. Kielikuvia muuttamalla, aivot k\u00e4sittelev\u00e4t asiaa eri n\u00e4k\u00f6kulmasta.<\/p>\n<p><strong>Programming<\/strong> viittaa rakenteisiin, jotka ohjaavat ajatteluamme. Kokemusten rakenteet ovat muokattavissa sellaisiksi, ett\u00e4 ne suuntaavat huomiomme siihen, mik\u00e4 auttaa olemaan se, keit\u00e4 todella olemme. T\u00e4h\u00e4n prosessointiin NLP tarjoaa monia keinoja.<\/p>\n<p>NLP:ss\u00e4 ihmisen sis\u00e4ist\u00e4 ja ulkoista toimintaa voidaan mallittaa osiin. Kun tunnistaa miten kokemukset ovat rakentuneet, voi ymm\u00e4rt\u00e4\u00e4 rajoittavia toimintatapoja ja muuttaa niit\u00e4 tavoitteiden suuntaan. NLP antaa hyvi\u00e4 keinoja p\u00e4ivitt\u00e4\u00e4 vanhentuneita k\u00e4sityksi\u00e4, joita usein pidet\u00e4\u00e4n faktoina. Kokemuksien rakennetta muokkaamalla voidaan saada uusia avartavia k\u00e4sityksi\u00e4 omasta todellisuudesta. Kaikkeen ajatteluun on hyv\u00e4 laittaa &#8221;parasta ennen -p\u00e4iv\u00e4ys&#8221; ja tarkistaa, palveleeko se viel\u00e4 nykyhetke\u00e4.<\/p>\n<h2>NLP-kurssit<\/h2>\n<p><a href=\"http:\/\/www.vedenkivi.fi\/kurssit.htm\" target=\"_blank\">NLP kursseilla<\/a> kaikki opittu on heti vapaasti k\u00e4ytett\u00e4viss\u00e4, sovellettavissa ja kehitett\u00e4viss\u00e4. NLP on meid\u00e4n kaikkien yhteist\u00e4 omaisuutta! J\u00e4rjest\u00e4m\u00e4ni NLP kurssit ovat Suomen NLP yhdistyksen hyv\u00e4ksymi\u00e4 ja suosittelemia.<\/p>\n<p>NLP:t\u00e4 k\u00e4ytet\u00e4\u00e4n valmennuksessa, opetuksessa, terapiassa ja monenlaisissa asiakast\u00f6iss\u00e4. Lis\u00e4ksi NLP koulutuksissa saa ty\u00f6kaluja vuorovaikutukseen kaikilla el\u00e4m\u00e4n alueilla. Koulutus tarjoaa mielenkiintoisia vaihtoehtoja syvent\u00e4\u00e4 kaikkia ihmissuhteita, my\u00f6s sit\u00e4 t\u00e4rkeint\u00e4; suhdetta omaan itseen. Motivaation lis\u00e4\u00e4minen omiin valintoihin on olennaista. Voimavarojen tunnistaminen ja k\u00e4ytt\u00f6\u00f6notto mahdollistaa uudenlaisia toiminta- ja ajattelumalleja.<\/p>\n<h3>NLP Practitioner<\/h3>\n<p>NLP Practitioner koulutus (16 pv) sis\u00e4lt\u00e4\u00e4 kaikki NLP:n perusmallit, -menetelm\u00e4t, -taidot ja -tekniikat. Kursseilla tehd\u00e4\u00e4n paljon k\u00e4yt\u00e4nn\u00f6n harjoituksia. Siksi oppiminen on hyvin kokemuksellista ja ainutlaatuista jokaiselle kurssilaiselle. <a href=\"http:\/\/www.vedenkivi.fi\/kurssit.htm\">Katso kurssiaikataulut!<\/a><\/p>\n<h3>NLP Master Practitioner<\/h3>\n<p>NLP Master Practitioner koulutus (16 pv) syvent\u00e4\u00e4 NLP:n perustaitoja. Valmiudet kehittyv\u00e4t mallittamisessa, identiteettity\u00f6skentelyss\u00e4 ja tavoitteiden asettelussa. Kielimallien hallinta ja oman sis\u00e4isen dialogin kuuleminen auttaa syvemp\u00e4\u00e4n ymm\u00e4rrykseen omassa kasvussa sek\u00e4 ammatillisissa tavoitteissa. <a href=\"http:\/\/www.vedenkivi.fi\/kurssit.htm\">Katso kurssiaikataulut!<\/a><\/p>\n","protected":false},"excerpt":{"rendered":"<p>NLP, neurolingvistinen prosessointi, antaa v\u00e4lineet ajattelun muutokseen ja ohjelmointiin k\u00e4yt\u00e4nn\u00f6nl\u00e4heisesti. Kolme kirjainta tulevat sanoista Neuro-Linquistic Programming. Neuro viittaa tiedon k\u00e4sittelyyn ja ajatteluun. Havainnoimme maailmaa aistien avulla, mink\u00e4 takia jokaisella ihmisell\u00e4 on ainutlaatuinen kartta todellisuudesta. NLP:ss\u00e4 k\u00e4ytet\u00e4\u00e4n hy\u00f6dyksi aistij\u00e4rjestelm\u00e4\u00e4, joka avaa mahdollisuudet yll\u00e4tt\u00e4v\u00e4n nopeaankin muutokseen. Linquistic kuvaa kielellist\u00e4 prosessointia, joka on oleellinen osa k\u00e4sityskyky\u00e4mme. T\u00e4m\u00e4 kuuluu<\/p>\n","protected":false},"author":1,"featured_media":0,"parent":0,"menu_order":0,"comment_status":"closed","ping_status":"closed","template":"","meta":{"footnotes":""},"class_list":["post-30","page","type-page","status-publish","hentry"],"_links":{"self":[{"href":"https:\/\/vedenkivi.fi\/blogi\/wp-json\/wp\/v2\/pages\/30","targetHints":{"allow":["GET"]}}],"collection":[{"href":"https:\/\/vedenkivi.fi\/blogi\/wp-json\/wp\/v2\/pages"}],"about":[{"href":"https:\/\/vedenkivi.fi\/blogi\/wp-json\/wp\/v2\/types\/page"}],"author":[{"embeddable":true,"href":"https:\/\/vedenkivi.fi\/blogi\/wp-json\/wp\/v2\/users\/1"}],"replies":[{"embeddable":true,"href":"https:\/\/vedenkivi.fi\/blogi\/wp-json\/wp\/v2\/comments?post=30"}],"version-history":[{"count":2,"href":"https:\/\/vedenkivi.fi\/blogi\/wp-json\/wp\/v2\/pages\/30\/revisions"}],"predecessor-version":[{"id":49,"href":"https:\/\/vedenkivi.fi\/blogi\/wp-json\/wp\/v2\/pages\/30\/revisions\/49"}],"wp:attachment":[{"href":"https:\/\/vedenkivi.fi\/blogi\/wp-json\/wp\/v2\/media?parent=30"}],"curies":[{"name":"wp","href":"https:\/\/api.w.org\/{rel}","templated":true}]}}